{"id":115,"date":"2024-02-29T23:22:38","date_gmt":"2024-03-01T07:22:38","guid":{"rendered":"https:\/\/www.softworksgroup.com\/?page_id=115"},"modified":"2024-02-29T23:22:40","modified_gmt":"2024-03-01T07:22:40","slug":"terms-of-use","status":"publish","type":"page","link":"https:\/\/www.softworksgroup.com\/fr\/terms-of-use\/","title":{"rendered":"Conditions d&#039;utilisation"},"content":{"rendered":"<p>Bienvenue sur le site Web de Softworks. En utilisant notre site, vous acceptez de respecter et d&#039;\u00eatre li\u00e9 par les conditions d&#039;utilisation suivantes. Veuillez lire attentivement les conditions suivantes. Si vous n&#039;acceptez pas ces conditions, vous ne devez pas utiliser ce site.<\/p>\n\n\n\n<p><strong>1. Droits r\u00e9serv\u00e9s<br><\/strong>Ce site et tout son contenu ne peuvent pas \u00eatre copi\u00e9s, reproduits, republi\u00e9s, t\u00e9l\u00e9charg\u00e9s, publi\u00e9s, transmis, distribu\u00e9s ou utilis\u00e9s pour la cr\u00e9ation d&#039;\u0153uvres d\u00e9riv\u00e9es sans le consentement \u00e9crit pr\u00e9alable de Softworks Group Inc, sauf que Softworks Group Inc vous accorde non- autorisation exclusive, non transf\u00e9rable et limit\u00e9e d&#039;acc\u00e9der et d&#039;afficher les pages Web de ce site, uniquement sur votre ordinateur et pour votre utilisation personnelle et non commerciale de ce site Web. Cette autorisation est conditionn\u00e9e \u00e0 ce que vous ne modifiiez pas le contenu affich\u00e9 sur ce site, \u00e0 ce que vous conserviez intacts tous les droits d&#039;auteur, marques et autres avis de propri\u00e9t\u00e9, et \u00e0 votre acceptation de tous termes, conditions et avis accompagnant le contenu ou autrement \u00e9nonc\u00e9s dans ce site.<\/p>\n\n\n\n<p><strong>2. Avis de non-responsabilit\u00e9<br><\/strong>Le contenu de ce site a \u00e9t\u00e9 compil\u00e9 par Softworks Group Inc \u00e0 partir de sources internes et externes. Cependant, bien que Softworks Group Inc ait tent\u00e9 de fournir des informations exactes sur le site, aucune repr\u00e9sentation n&#039;est faite ni garantie donn\u00e9e quant \u00e0 l&#039;exhaustivit\u00e9, l&#039;exactitude ou l&#039;actualit\u00e9 du contenu. En particulier, vous devez \u00eatre conscient que le contenu peut \u00eatre incomplet, contenir des erreurs ou \u00eatre devenu obsol\u00e8te. Vous devez donc v\u00e9rifier de mani\u00e8re ind\u00e9pendante les informations obtenues sur ce site avant de vous y fier de quelque mani\u00e8re que ce soit.<\/p>\n\n\n\n<p>SOFTWORKS GROUP INC NE POURRA \u00caTRE RESPONSABLE DES DOMMAGES SUBIS PAR OU DES BLESSURES CAUS\u00c9ES \u00c0 VOUS, Y COMPRIS TOUT DOMMAGE DIRECT, INDIRECT, SP\u00c9CIAL, CONS\u00c9CUTIF ET\/OU ACCESSOIRE, R\u00c9SULTANT DE VOTRE ACC\u00c8S OU DE VOTRE INCAPACIT\u00c9 D&#039;ACC\u00c9DER \u00c0 CE SITE OU DE VOTRE CONFIANCE \u00c0 TOUTE INFORMATION FOURNIE SUR CE SITE, M\u00caME SI SOFTWORKS GROUP INC ET\/OU SES FILIALES ONT \u00c9T\u00c9 AVIS\u00c9S DE LA POSSIBILIT\u00c9 DE TELS DOMMAGES.<\/p>\n\n\n\n<p><strong>3. Informations sur la marque<br><\/strong>Certains mots, expressions, noms, dessins ou logos utilis\u00e9s sur le site peuvent constituer des marques commerciales, des marques de service ou des noms commerciaux de Softworks Group Inc ou d&#039;autres entit\u00e9s. L&#039;affichage de ces marques ou noms sur le site n&#039;implique pas que Softworks Group Inc ou d&#039;autres entit\u00e9s ont accord\u00e9 une licence ou une autorisation de quelque nature que ce soit pour utiliser ces marques ou noms.<\/p>\n\n\n\n<p><strong>4. Lien vers le site<br><\/strong>Tous les liens vers ce site Web doivent \u00eatre approuv\u00e9s par \u00e9crit par Softworks Group Inc, sauf que Softworks Group Inc consent aux liens dans lesquels le lien et les pages activ\u00e9es par le lien ne\u00a0: (a) cr\u00e9ent des cadres autour d&#039;une page de ce site Web. Site Web ou utiliser d&#039;autres techniques qui modifient de quelque mani\u00e8re que ce soit la pr\u00e9sentation visuelle ou l&#039;apparence de tout contenu de ce site\u00a0; (b) d\u00e9former votre relation avec Softworks Group Inc\u00a0; (c) impliquer que Softworks Group Inc vous approuve ou vous approuve, votre site Web ou vos offres de services ou de produits\u00a0; et (d) pr\u00e9senter des impressions fausses ou trompeuses sur Softworks Group Inc ou autrement endommager la r\u00e9putation associ\u00e9e au nom ou aux marques d\u00e9pos\u00e9es de Softworks Group Inc. Comme condition suppl\u00e9mentaire pour \u00eatre autoris\u00e9 \u00e0 cr\u00e9er un lien vers ce site, vous acceptez que Softworks Group Inc puisse \u00e0 tout moment, \u00e0 sa seule discr\u00e9tion, mettre fin \u00e0 l&#039;autorisation de cr\u00e9er un lien vers ce site Web. Dans un tel cas, vous acceptez de supprimer imm\u00e9diatement tous les liens vers ce site Web.<\/p>\n\n\n\n<p><strong>5. Limitation de responsabilit\u00e9<br><\/strong>L&#039;acc\u00e8s \u00e0 ce site est r\u00e9gi par les lois canadiennes et\/ou les lois de la province de l&#039;Alberta. Toute action en justice ou proc\u00e9dure relative \u00e0 votre acc\u00e8s ou \u00e0 votre utilisation de ce site doit \u00eatre intent\u00e9e uniquement devant un tribunal provincial ou f\u00e9d\u00e9ral situ\u00e9 \u00e0 Edmonton, Alberta, Canada. Vous et Softworks Group Inc acceptez de vous soumettre \u00e0 la juridiction de ces tribunaux et acceptez que le lieu soit appropri\u00e9 pour toute action ou proc\u00e9dure judiciaire de ce type.<\/p>","protected":false},"excerpt":{"rendered":"<p>Welcome to the Softworks website. By using our site, you are agreeing to comply with and be bound by the following terms of use. Please review the following terms carefully. If you do not agree to these terms, you should not use this site. 1. Reserved RightsThis site and all content in this site may [&hellip;]<\/p>\n","protected":false},"author":1,"featured_media":0,"parent":0,"menu_order":0,"comment_status":"closed","ping_status":"closed","template":"","meta":{"_acf_changed":false,"footnotes":""},"class_list":["post-115","page","type-page","status-publish","hentry"],"acf":[],"_links":{"self":[{"href":"https:\/\/www.softworksgroup.com\/fr\/wp-json\/wp\/v2\/pages\/115","targetHints":{"allow":["GET"]}}],"collection":[{"href":"https:\/\/www.softworksgroup.com\/fr\/wp-json\/wp\/v2\/pages"}],"about":[{"href":"https:\/\/www.softworksgroup.com\/fr\/wp-json\/wp\/v2\/types\/page"}],"author":[{"embeddable":true,"href":"https:\/\/www.softworksgroup.com\/fr\/wp-json\/wp\/v2\/users\/1"}],"replies":[{"embeddable":true,"href":"https:\/\/www.softworksgroup.com\/fr\/wp-json\/wp\/v2\/comments?post=115"}],"version-history":[{"count":0,"href":"https:\/\/www.softworksgroup.com\/fr\/wp-json\/wp\/v2\/pages\/115\/revisions"}],"wp:attachment":[{"href":"https:\/\/www.softworksgroup.com\/fr\/wp-json\/wp\/v2\/media?parent=115"}],"curies":[{"name":"wp","href":"https:\/\/api.w.org\/{rel}","templated":true}]}}